{"id":11129,"date":"2026-01-20T11:51:41","date_gmt":"2026-01-20T11:51:41","guid":{"rendered":"https:\/\/asesoriafenix.com\/accessibility\/"},"modified":"2026-03-11T09:45:03","modified_gmt":"2026-03-11T09:45:03","slug":"accessibility","status":"publish","type":"page","link":"https:\/\/asesoriafenix.com\/en\/accessibility\/","title":{"rendered":"Accessibility"},"content":{"rendered":"\t\t<div data-elementor-type=\"wp-page\" data-elementor-id=\"11129\" class=\"elementor elementor-11129 elementor-9618\">\n\t\t\t\t\t\t<section class=\"elementor-section elementor-top-section elementor-element elementor-element-6107cb8 elementor-section-boxed elementor-section-height-default elementor-section-height-default\" data-id=\"6107cb8\" data-element_type=\"section\">\n\t\t\t\t\t\t<div class=\"elementor-container elementor-column-gap-default\">\n\t\t\t\t\t<div class=\"elementor-column elementor-col-100 elementor-top-column elementor-element elementor-element-178cb4e\" data-id=\"178cb4e\" data-element_type=\"column\">\n\t\t\t<div class=\"elementor-widget-wrap elementor-element-populated\">\n\t\t\t\t\t\t<div class=\"elementor-element elementor-element-d791d23 elementor-widget elementor-widget-spacer\" data-id=\"d791d23\" data-element_type=\"widget\" data-widget_type=\"spacer.default\">\n\t\t\t\t<div class=\"elementor-widget-container\">\n\t\t\t\t\t\t\t<div class=\"elementor-spacer\">\n\t\t\t<div class=\"elementor-spacer-inner\"><\/div>\n\t\t<\/div>\n\t\t\t\t\t\t<\/div>\n\t\t\t\t<\/div>\n\t\t\t\t<div class=\"elementor-element elementor-element-3e9f3bb elementor-widget elementor-widget-heading\" data-id=\"3e9f3bb\" data-element_type=\"widget\" data-widget_type=\"heading.default\">\n\t\t\t\t<div class=\"elementor-widget-container\">\n\t\t\t\t\t<h2 class=\"elementor-heading-title elementor-size-default\">Accessibility<\/h2>\t\t\t\t<\/div>\n\t\t\t\t<\/div>\n\t\t\t\t<div class=\"elementor-element elementor-element-1f7a127 elementor-widget elementor-widget-text-editor\" data-id=\"1f7a127\" data-element_type=\"widget\" data-widget_type=\"text-editor.default\">\n\t\t\t\t<div class=\"elementor-widget-container\">\n\t\t\t\t\t\t\t\t\t<h2><span style=\"color: #0f3567;\"><strong>ACCESSIBILITY STATEMENT<\/strong><\/span><\/h2><p><span style=\"color: #0f3567;\">This accessibility statement applies to the following website <strong><a style=\"color: #0f3567;\" href=\"https:\/\/asesoriafenix.com\/\">F\u00e9nix Consulting and Advisory Services <\/a><\/strong>.<\/span><\/p><h2><span style=\"color: #0f3567;\"><strong>Compliance status<\/strong><\/span><\/h2><p><span style=\"color: #0f3567;\">This website is <strong>partially compliant<\/strong> with Royal Decree 1112\/2018, of September 7, due to the non-compliance of the aspects listed below.<\/span><\/p><h2><span style=\"color: #0f3567;\"><strong>Content not accessible<\/strong><\/span><\/h2><p><span style=\"color: #0f3567;\">The content below is not accessible because of the following:<\/span><\/p><p><span style=\"color: #0f3567;\"><strong>1. Non-compliance with Royal Decree 1112\/2018, of September 7: <\/strong>there could be occasional editing errors in some web page, both in HTML content and in final documents, published after September 20, 2018 (date of entry into force of Royal Decree 1112\/2018, of September 7). Specifically, there may be errors in those documents containing graphics, complex tables or in those electronically signed before their accessibility review. <\/span><\/p><p><span style=\"color: #0f3567;\"><strong>2. Disproportionate burden: <\/strong>not applicable.<\/span><\/p><p><span style=\"color: #0f3567;\">3. The content <strong>does not fall within the scope of the <\/strong>applicable <strong>legislation <\/strong>: there are office files in PDF or other formats published before September 20, 2018 that do not fully comply with all accessibility requirements; third-party content not funded, developed, or under the control of this Ministry may also be in that situation.<\/span><\/p><p><span style=\"color: #0f3567;\"><strong>Preparation of this accessibility statement<\/strong><\/span><\/p><p><span style=\"color: #0f3567;\">This statement was prepared on January 20, 2026.<\/span><\/p><p><span style=\"color: #0f3567;\">The method used to prepare the statement was a self-assessment carried out by the organization itself.<\/span><\/p><p><span style=\"color: #0f3567;\">Last revision of the declaration: January 20, 2026<\/span><\/p><h2><br><span style=\"color: #0f3567;\"><strong>Remarks and contact information<\/strong><\/span><\/h2><p><span style=\"color: #0f3567;\">You can make <strong>communications <\/strong>on accessibility requirements (article 10.2.a) of RD 1112\/2018) such as:<\/span><\/p><ul><li><span style=\"color: #0f3567;\">to report any possible <strong>non-compliance <\/strong>by this website<\/span><\/li><li><span style=\"color: #0f3567;\">transmit other <strong>difficulties in accessing <\/strong>the content<\/span><\/li><li><span style=\"color: #0f3567;\">ask any other <strong>questions or suggestions for improvement <\/strong>regarding the accessibility of the website<\/span><\/li><\/ul><p><span style=\"color: #0f3567;\">By e-mail to hola@asesoriafenix.com or by phone at +34 611 747 457.<\/span><\/p><p><span style=\"color: #0f3567;\">You can submit:<\/span><\/p><ul><li><span style=\"color: #0f3567;\">a <strong>Complaint <\/strong>regarding compliance with the requirements of RD 1112\/2018 or<\/span><\/li><li><span style=\"color: #0f3567;\">a <strong>Request for Accessible Information <\/strong>related to:<\/span><ul><li><span style=\"color: #0f3567;\">o <strong>contents <\/strong>that are <strong>excluded <\/strong>from the <strong>scope of application <\/strong>of RD 1112\/2018 as established by Article 3, paragraph 4.<\/span><\/li><li><span style=\"color: #0f3567;\">or <strong>content <\/strong>that is <strong>exempt <\/strong>from <strong>compliance <\/strong>with accessibility requirements because it imposes a <strong>disproportionate burden<\/strong>.<\/span><\/li><\/ul><\/li><\/ul><p><span style=\"color: #0f3567;\">The communications will be received and treated by Asesor\u00eda y Consultor\u00eda F\u00e9nix as responsible for the contents of this website. <\/span><\/p><h3><br><br><span style=\"color: #0f3567;\"><strong>Application procedure<\/strong><\/span><\/h3><p><span style=\"color: #0f3567;\">Through this procedure you may initiate a complaint to know and oppose the reasons for the rejection of a request for accessible information or complaint, urge the adoption of appropriate measures in the case of disagreement with the decision taken, or expose the reasons why it is considered that the response does not meet the requirements.<\/span><br><br><\/p><h2><span style=\"color: #0f3567;\"><strong>Optional content<\/strong><\/span><\/h2><p><span style=\"color: #0f3567;\">The currently visible version of this website is dated January 2026 and on that date the accessibility level in force at that time was revised.<\/span><\/p><p><span style=\"color: #0f3567;\">As of said date, partial daily reviews of new or modified web content, both templates and final published pages and documents, are carried out on a daily basis in order to ensure compliance with the accessibility requirements of the UNE-EN 301549:2019 Standard, considering the exceptions of Royal Decree 1112\/2018, of September 7.<\/span><\/p><p><span style=\"color: #0f3567;\">Among others, the following measures are adopted to facilitate accessibility:<\/span><\/p><ul><li><span style=\"color: #0f3567;\">Use of alternative text in images<\/span><\/li><li><span style=\"color: #0f3567;\">Links provide details of the function or destination of the hyperlink.<\/span><\/li><li><span style=\"color: #0f3567;\">Use of W3C standards: HTML5, CSS, DOM, SVG.<\/span><\/li><\/ul>\t\t\t\t\t\t\t\t<\/div>\n\t\t\t\t<\/div>\n\t\t\t\t\t<\/div>\n\t\t<\/div>\n\t\t\t\t\t<\/div>\n\t\t<\/section>\n\t\t\t\t<\/div>\n\t\t","protected":false},"excerpt":{"rendered":"<p>Accessibility ACCESSIBILITY STATEMENT This accessibility statement applies to the following website F\u00e9nix Consulting and Advisory Services . Compliance status This website is partially compliant with Royal Decree 1112\/2018, of September 7, due to the non-compliance of the aspects listed below. Content not accessible The content below is not accessible because of the following: 1. Non-compliance &hellip;<\/p>\n<p class=\"read-more\"> <a class=\"\" href=\"https:\/\/asesoriafenix.com\/en\/accessibility\/\"> <span class=\"screen-reader-text\">Accessibility<\/span> Read More &raquo;<\/a><\/p>\n","protected":false},"author":2,"featured_media":0,"parent":0,"menu_order":0,"comment_status":"closed","ping_status":"closed","template":"","meta":{"site-sidebar-layout":"no-sidebar","site-content-layout":"page-builder","ast-main-header-display":"","ast-hfb-above-header-display":"","ast-hfb-below-header-display":"","ast-hfb-mobile-header-display":"","site-post-title":"disabled","ast-breadcrumbs-content":"","ast-featured-img":"disabled","footer-sml-layout":"","theme-transparent-header-meta":"","adv-header-id-meta":"","stick-header-meta":"","header-above-stick-meta":"","header-main-stick-meta":"","header-below-stick-meta":"","_joinchat":[],"footnotes":""},"class_list":["post-11129","page","type-page","status-publish","hentry"],"_links":{"self":[{"href":"https:\/\/asesoriafenix.com\/en\/wp-json\/wp\/v2\/pages\/11129","targetHints":{"allow":["GET"]}}],"collection":[{"href":"https:\/\/asesoriafenix.com\/en\/wp-json\/wp\/v2\/pages"}],"about":[{"href":"https:\/\/asesoriafenix.com\/en\/wp-json\/wp\/v2\/types\/page"}],"author":[{"embeddable":true,"href":"https:\/\/asesoriafenix.com\/en\/wp-json\/wp\/v2\/users\/2"}],"replies":[{"embeddable":true,"href":"https:\/\/asesoriafenix.com\/en\/wp-json\/wp\/v2\/comments?post=11129"}],"version-history":[{"count":1,"href":"https:\/\/asesoriafenix.com\/en\/wp-json\/wp\/v2\/pages\/11129\/revisions"}],"predecessor-version":[{"id":11130,"href":"https:\/\/asesoriafenix.com\/en\/wp-json\/wp\/v2\/pages\/11129\/revisions\/11130"}],"wp:attachment":[{"href":"https:\/\/asesoriafenix.com\/en\/wp-json\/wp\/v2\/media?parent=11129"}],"curies":[{"name":"wp","href":"https:\/\/api.w.org\/{rel}","templated":true}]}}